{"id":18,"date":"2018-06-16T07:08:03","date_gmt":"2018-06-16T07:08:03","guid":{"rendered":"http:\/\/www.bonasax.cz\/?page_id=18"},"modified":"2024-06-12T12:48:07","modified_gmt":"2024-06-12T12:48:07","slug":"about","status":"publish","type":"page","link":"https:\/\/www.bonasax.cz\/?page_id=18","title":{"rendered":"Reperto\u00e1r"},"content":{"rendered":"<table>\n<tbody>\n<tr>\n<td><strong>OLYMPIC<\/strong><\/td>\n<\/tr>\n<\/tbody>\n<\/table>\n<p>\u017delva , Slzy tv\u00fd m\u00e1my , Dej mi v\u00edc sv\u00e9 l\u00e1sky , Osm\u00fd den , Okno m\u00e9 l\u00e1sky , Jasn\u00e1 zpr\u00e1va , Ot\u00e1zky , Snad jsem to zavinil j\u00e1 , Pro\u010d zrovna Ty , Jako za mlada, Jedeme d\u00e1l, N\u011bjak se vytr\u00e1c\u00ed\u0161 m\u00e1 l\u00e1sko , Dynamit<\/p>\n<table>\n<tbody>\n<tr>\n<td><strong>H. VONDR\u00c1\u010cKOV\u00c1<\/strong><\/td>\n<\/tr>\n<\/tbody>\n<\/table>\n<p>Dlouh\u00e1 noc , J\u00e1 p\u016fjdu d\u00e1l , To tehdy padal d\u00e9\u0161\u0165 , Sladk\u00e9 m\u00e1men\u00ed , R\u016f\u017ee kvetou d\u00e1l ,Neu\u010d slunce h\u0159\u00e1t , Chytila jsem na pasece mot\u00fdlka , P\u00e1t\u00e1, Nebudeme sed\u011bt doma , Dv\u011b mal\u00e1 k\u0159\u00eddla tu nejsou , Copacabana , Sundej kravatu , L\u00e1sko m\u00e1 j\u00e1 st\u016f\u0148u , A\u00a0Ty se pt\u00e1\u0161 co j\u00e1 , Slunce, To se nikdo nedov\u00ed,Tentokr\u00e1t se budu sm\u00e1t\u00a0j\u00e1<\/p>\n<table>\n<tbody>\n<tr>\n<td><strong>MICHAL DAVID<\/strong><\/td>\n<\/tr>\n<\/tbody>\n<\/table>\n<p>Non stop , My m\u00e1me prima rodi\u010de , Decibely l\u00e1sky , Rusk\u00e1 M\u00e1\u0161a, D\u011bti r\u00e1je , Colu pijeme colu , P\u00e1r p\u0159\u00e1tel , Ka\u017ed\u00fd mi t\u011b l\u00e1sko\u00a0z\u00e1vid\u00ed<\/p>\n<table>\n<tbody>\n<tr>\n<td><strong>KATAPULT<\/strong><\/td>\n<\/tr>\n<\/tbody>\n<\/table>\n<p>N\u011bkdy p\u0159\u00ed\u0161t\u011b , A\u017e , Hlup\u00e1k v\u00e1h\u00e1<\/p>\n<table>\n<tbody>\n<tr>\n<td><strong>TURBO<\/strong><\/td>\n<\/tr>\n<\/tbody>\n<\/table>\n<p>Cht\u011bl jsem m\u00edt , Hr\u00e1\u010d<\/p>\n<table>\n<tbody>\n<tr>\n<td><strong>EL\u00c1N<\/strong><\/td>\n<\/tr>\n<\/tbody>\n<\/table>\n<p>Voda \u010do ma dr\u017e\u00ed nad vodou , Ko\u010dka , L\u00e1ska moja , Zanedban\u00fd\u00a0sex<\/p>\n<table>\n<tbody>\n<tr>\n<td><strong>BUTY<\/strong><\/td>\n<\/tr>\n<\/tbody>\n<\/table>\n<p>Franti\u0161ek , Nad st\u00e1dem kon\u00ed<\/p>\n<table>\n<tbody>\n<tr>\n<td><strong>LUCIE<\/strong><\/td>\n<\/tr>\n<\/tbody>\n<\/table>\n<p>\u0160rouby do hlavy , Sen , Amerika , Medv\u00eddek , Klobouk ve k\u0159ov\u00ed ,<br \/>\n\u010cern\u00ed and\u011bl\u00e9 ,\u00a0Panic<\/p>\n<table>\n<tbody>\n<tr>\n<td><strong>KAB\u00c1T<\/strong><\/td>\n<\/tr>\n<\/tbody>\n<\/table>\n<p>Pohoda , Colorado , V\u00a0pekle sudy v\u00e1lej , \u017d\u00edze\u0144 , Star\u00e1 Lou , B\u00e1ra , Houby magick\u00fd , Mal\u00e1 d\u00e1ma<\/p>\n<table>\n<tbody>\n<tr>\n<td><strong>CHINASKY<\/strong><\/td>\n<\/tr>\n<\/tbody>\n<\/table>\n<p>Stejn\u011b jako j\u00e1 , V\u00edno , Hlavolam , Potkal jsem t\u011b zase po letech,Ka\u017ed\u00fd r\u00e1no<\/p>\n<table>\n<tbody>\n<tr>\n<td><strong>ARGEMA<\/strong><\/td>\n<\/tr>\n<\/tbody>\n<\/table>\n<p>Tohle je r\u00e1j , Jaro\u0161ovsk\u00fd pivovar<\/p>\n<table>\n<tbody>\n<tr>\n<td><strong>Z\u00a0MUZIK\u00c1LU REBELOV\u00c9<\/strong><\/td>\n<\/tr>\n<\/tbody>\n<\/table>\n<p>M\u011b se l\u00edb\u00ed Bob , \u0160\u0160\u0160 , P\u00e1t\u00e1<\/p>\n<table>\n<tbody>\n<tr>\n<td><strong>ABBA<\/strong><\/td>\n<\/tr>\n<\/tbody>\n<\/table>\n<p>Dancing Queen , Asi asi , The winer takes it all , Mamma mia ,<br \/>\nWaterloo , Mamma Maria , Does your mother know ,\u00a0S.O.S<\/p>\n<table>\n<tbody>\n<tr>\n<td><strong>BONEY M<\/strong><\/td>\n<\/tr>\n<\/tbody>\n<\/table>\n<p>Hooray!Hooray! , Babylon<\/p>\n<table>\n<tbody>\n<tr>\n<td><strong>ARAKAIN<\/strong><\/td>\n<\/tr>\n<\/tbody>\n<\/table>\n<p>D\u00edvka s\u00a0perlami ve vlasech<\/p>\n<table>\n<tbody>\n<tr>\n<td><strong>PETR NOV\u00c1K<\/strong><\/td>\n<\/tr>\n<\/tbody>\n<\/table>\n<p>J\u00e1 budu chodit po \u0161pi\u010dk\u00e1ch , Hv\u011bzdi\u010dko bl\u00fdskav\u00e1 , Pov\u00eddej , N\u00e1hrobn\u00ed\u00a0k\u00e1men<\/p>\n<table>\n<tbody>\n<tr>\n<td><strong>PAVEL NOV\u00c1K<\/strong><\/td>\n<\/tr>\n<\/tbody>\n<\/table>\n<p>Pihovat\u00e1 d\u00edvka , N\u00e1dhern\u00e1<\/p>\n<table>\n<tbody>\n<tr>\n<td><strong>P.MUK<\/strong><\/td>\n<\/tr>\n<\/tbody>\n<\/table>\n<p>Zrcadlo , St\u00edn katedr\u00e1l<\/p>\n<table>\n<tbody>\n<tr>\n<td><strong>J. SMOL\u00cdK<\/strong><\/td>\n<\/tr>\n<\/tbody>\n<\/table>\n<p>Jen bl\u00e1zen \u017e\u00e1rl\u00ed , A\u017e se Ti jednou bude zd\u00e1t , Ave\u00a0Maria<\/p>\n<table>\n<tbody>\n<tr>\n<td><strong>J. SCHELINGER<\/strong><\/td>\n<\/tr>\n<\/tbody>\n<\/table>\n<p>Holub\u00ed d\u016fm , Jahody mra\u017een\u00fd , \u0160\u00edpkov\u00e1 R\u016f\u017eenka<\/p>\n<table>\n<tbody>\n<tr>\n<td><strong>I . HLAS<\/strong><\/td>\n<\/tr>\n<\/tbody>\n<\/table>\n<p>Na kolena , Jednou mi fotr pov\u00edd\u00e1<\/p>\n<table>\n<tbody>\n<tr>\n<td><strong>K. GOTT<\/strong><\/td>\n<\/tr>\n<\/tbody>\n<\/table>\n<p>L\u00e1sko m\u00e1 (film Duch), Pta\u010d\u00ed n\u00e1\u0159e\u010d\u00ed , \u010cau l\u00e1sko ,Trezor , Lady Carneval , Jen se\u00a0h\u00e1dej,Noc je dlouh\u00e1 a zl\u00e1 , Krev toulav\u00e1<\/p>\n<table>\n<tbody>\n<tr>\n<td><strong>KAREL ZICH<\/strong><\/td>\n<\/tr>\n<\/tbody>\n<\/table>\n<p>Alenka v\u00a0\u0159\u00ed\u0161i div\u016f , Nen\u00ed v\u0161echno par\u00e1da , Mosty<\/p>\n<table>\n<tbody>\n<tr>\n<td><strong>HANA ZAGOROV\u00c1<\/strong><\/td>\n<\/tr>\n<\/tbody>\n<\/table>\n<p>N\u00e1pad, Biograf l\u00e1ska , Ne\u0161lap nel\u00e1mej , Jinak to nejde , Ta pusa je\u00a0m\u00e1<\/p>\n<table>\n<tbody>\n<tr>\n<td><strong>LUCIE B\u00cdL\u00c1<\/strong><\/td>\n<\/tr>\n<\/tbody>\n<\/table>\n<p>Amor magor , \u017d\u00e1dn\u00fd party , Requiem , Trouba<\/p>\n<table>\n<tbody>\n<tr>\n<td><strong>ILONA CZ\u00c1KOV\u00c1<\/strong><\/td>\n<\/tr>\n<\/tbody>\n<\/table>\n<p>Torn\u00e9ro , Tenhle kluk<\/p>\n<table>\n<tbody>\n<tr>\n<td><strong>Y. P\u0158ENOSILOV\u00c1<\/strong><\/td>\n<\/tr>\n<\/tbody>\n<\/table>\n<p>Boty proti l\u00e1sce , Tak pr\u00e1zdn\u00e1<\/p>\n<table>\n<tbody>\n<tr>\n<td><strong>M.KUBI\u0160OV\u00c1<\/strong><\/td>\n<\/tr>\n<\/tbody>\n<\/table>\n<p>Loud\u00e1 se p\u016flm\u011bs\u00edc , Nechte zvony zn\u00edt<\/p>\n<table>\n<tbody>\n<tr>\n<td><strong>E.PRESLEY<\/strong><\/td>\n<\/tr>\n<\/tbody>\n<\/table>\n<p>Love me tender, Can\u00b4t help falling in love , Don\u00b4t be\u00a0cruel<\/p>\n<table>\n<tbody>\n<tr>\n<td><strong>P.SP\u00c1LEN\u00dd<\/strong><\/td>\n<\/tr>\n<\/tbody>\n<\/table>\n<p>A\u017e m\u011b and\u011bl\u00e9 , Plakalo baby<\/p>\n<table>\n<tbody>\n<tr>\n<td><strong>R.M\u00dcLLER<\/strong><\/td>\n<\/tr>\n<\/tbody>\n<\/table>\n<p>Kn\u00ed\u017ee Rohan , Nebude to tak\u00e9 lahk\u00e9<\/p>\n<table>\n<tbody>\n<tr>\n<td><strong>I.BARTO\u0160OV\u00c1<\/strong><\/td>\n<\/tr>\n<\/tbody>\n<\/table>\n<p>P. S .<\/p>\n<table>\n<tbody>\n<tr>\n<td><strong>V.\u0160PINAROV\u00c1<\/strong><\/td>\n<\/tr>\n<\/tbody>\n<\/table>\n<p>To m\u00e1me ml\u00e1de\u017e , Tenkr\u00e1t na z\u00e1pad\u011b<\/p>\n<table>\n<tbody>\n<tr>\n<td><strong>M.Rottrov\u00e1<\/strong><\/td>\n<\/tr>\n<\/tbody>\n<\/table>\n<p>L\u00e1sko von\u00ed\u0161 de\u0161t\u011bm<\/p>\n<table>\n<tbody>\n<tr>\n<td><strong>P.Collins<\/strong><\/td>\n<\/tr>\n<\/tbody>\n<\/table>\n<p>Another day in paradise , You can\u00b4t hurry love<\/p>\n<table>\n<tbody>\n<tr>\n<td><strong>Xindl X<\/strong><\/td>\n<\/tr>\n<\/tbody>\n<\/table>\n<p>V\u00a0blb\u00fdm v\u011bku , \u0160t\u011bdr\u00fd ve\u010der nastal<\/p>\n<table>\n<tbody>\n<tr>\n<td><strong>J.Kirschner<\/strong><\/td>\n<\/tr>\n<\/tbody>\n<\/table>\n<p>Modr\u00e1 , V\u00a0cudzom meste<\/p>\n<p><em>A\u00a0DAL\u0160\u00cd :<\/em><\/p>\n<p>Hr\u00e1b\u011b,Tarzan boy,Mandy,Hro\u00adba\u0159,Yesterday,Wit\u00adhout you,La isla Bonita,Galaxie p\u0159\u00e1n\u00ed,Holky z\u00a0na\u0161\u00ed \u0161kolky,\u010cekej ti\u0161e,The shoop,shoop song,The best,Mar\u00edna,La Bamba,U\u017e mi l\u00e1sko nen\u00ed 20\u00a0let, Vyzn\u00e1n\u00ed,Ak nie si moja,Je\u0161t\u011b \u017ee t\u011b l\u00e1sko m\u00e1m,\u0160enk\u00fd\u0159ka,Has\u00adtrmane Tatrmane,Voda \u017eiv\u00e1,\u010co bol\u00ed to prebol\u00ed,\u010cmel\u00e1k,Perfect(Ed Sheeran),Tears in heaven,Jo\u017ein z\u00a0ba\u017ein,Una notte speciale,Glori\u00ada,Flash Dance,Venus, Daj\u00e1na,Zahrada ticha,Bl\u00e1znova ukol\u00e9bavka(Ove\u010d\u00adka),Ma\u0161inka,Pa\u00adloma Blanka,Rock around the clock,Perfect day,I\u00a0just called,Sex bomb,Raidrops,Ry\u00adbitv\u00ed,U\u017e nejsem voln\u00e1,I\u00a0love you baby,Spomal\u00b4,Pro\u00adkl\u00edn\u00e1m,If you can\u00b4t give me love(Suzi Quatro),V\u00ed\u0161,Ona se br\u00e1n\u00ed,Walking on sunshine,Help yourself,Reklama na ticho,Hafanana,<br \/>\nLove hurts,Hallelu\u00adjah,Volare,Hey baby,How deep is your love,\u0160rouby a matice,I\u00a0was made for loving you baby,Sva\u0159\u00e1k,Dla\u00ad\u017eebn\u00ed kostka,M\u016fj \u010das,Cesta,Zak\u00e1zan\u00e9 uvoln\u011bn\u00ed,Unchain my hearth(Joe Cocker),Living la vida loca,Boky jako sk\u0159\u00ed\u0148,<\/p>\n<p><em>COUNTRY<\/em><\/p>\n<table>\n<tbody>\n<tr>\n<td><strong>W. MATU\u0160KA<\/strong><\/td>\n<\/tr>\n<\/tbody>\n<\/table>\n<p>Sbohem l\u00e1sko , J\u00f3 t\u0159e\u0161n\u011b zr\u00e1ly , Slav\u00edci z\u00a0Madridu , R\u016f\u017ee z\u00a0Texasu<\/p>\n<table>\n<tbody>\n<tr>\n<td><strong>V\u011aRA MARTINOV\u00c1<\/strong><\/td>\n<\/tr>\n<\/tbody>\n<\/table>\n<p>A\u017e na vrcholky hor , Brzy bude r\u00e1no , Toulav\u00fd d\u017e\u00edny , D\u00e1l jen vejdi , \u00d3 pane\u00a0n\u00e1\u0161<\/p>\n<table>\n<tbody>\n<tr>\n<td><strong>M. TU\u010cN\u00dd<\/strong><\/td>\n<\/tr>\n<\/tbody>\n<\/table>\n<p>Tam u\u00a0nebesk\u00fdch bran , V\u0161ichni jsou u\u017e v\u00a0Mexiku , B\u00e1je\u010dn\u00e1 \u017eensk\u00e1 , Sn\u00eddan\u011b v\u00a0tr\u00e1v\u011b , Rovnou tady rovnou , Posledn\u00ed kovboj , Cht\u011bl bych b\u00fdt medv\u00eddkem<\/p>\n<table>\n<tbody>\n<tr>\n<td><strong>P.BOBEK<\/strong><\/td>\n<\/tr>\n<\/tbody>\n<\/table>\n<p>Ve\u010f m\u011b d\u00e1l cesto m\u00e1 , L\u00e1sko m\u011b ub\u00fdv\u00e1 sil<\/p>\n<table>\n<tbody>\n<tr>\n<td><strong>NEDV\u011aDI<\/strong><\/td>\n<\/tr>\n<\/tbody>\n<\/table>\n<p>St\u00e1nky,Podvod,Val\u00ad\u010d\u00ed\u010dek,Igelit,Pt\u00e1\u00ad\u010data,Franky Dlouh\u00e1n,Skl\u00e1dan\u00adka,Ko\u010dovn\u00ed herci,Odpus\u0165,Kohout<\/p>\n<p><em>A\u00a0DAL\u0160\u00cd :<\/em><\/p>\n<p><strong>Z.UHL\u00cd\u0158<\/strong>-Severn\u00ed v\u00edtr,<strong>DRUH\u00c1 TR\u00c1VA<\/strong>-Panenka,<strong>GREEN HORNS<\/strong>-Bl\u00edzko little Big hornu,<strong>K.KRYL<\/strong>-And\u011bl,<strong>W.DAN\u011aK<\/strong>-Bedna vod Whisky,Rosa na kolej\u00edch<\/p>\n<table>\n<tbody>\n<tr>\n<td><strong>V.REDL <\/strong>Sbohem Gal\u00e1ne\u010dko<\/td>\n<\/tr>\n<\/tbody>\n<\/table>\n<p>Tis\u00edc mil,Montgomery,Zu\u00adzana,Japone\u010dka,Pam\u00adpeli\u0161ky,Bur\u00e1ky,O\u00adko\u0159,N\u00e1kla\u010f\u00e1k<br \/>\nKdy\u017e n\u00e1\u0161 t\u00e1ta hr\u00e1l,Kdyby tady byla takov\u00e1 panenka,D\u016fm u\u00a0vych\u00e1zej\u00edc\u00edho slunce Oran\u017eov\u00fd\u00a0expres,Panenka z kouta<\/p>\n<p><em>D\u011aTSK\u00c9:<\/em><\/p>\n<p>Princezna ze mlejna,D\u011bl\u00e1n\u00ed,Mra\u00advene\u010dek,Ma\u0161in\u00adka,V\u010delka M\u00e1ja,S\u00a0tebou m\u011b bav\u00ed sv\u011bt,T\u0159i o\u0159\u00ed\u0161ky pro Popelku,Mraz\u00edk,T\u0159i \u010dun\u00edci,Saxana,Trpas\u00adli\u010d\u00ed svatba,O\u00a0\u0161\u00edpkov\u00fdch r\u016f\u017e\u00edch,Nen\u00ed nutno,Rozv\u00edjej se poup\u00e1tko,Ve\u010der\u00adn\u00ed\u010dek,Pern\u00edko\u00adv\u00e1 chaloupka,Ladyl\u00ed ladylou,Tom a Jerry,My jsme \u017e\u00e1ci 3.B,Sk\u0159\u00edtkov\u00e9 zedn\u00edci,A\u00a0poh\u00e1dky je konec,Zlatovl\u00e1ska,<br \/>\nHlup\u00e1ku najdu t\u011b,Z\u00a0mechu a kaprad\u00ed,Statis\u00adtika,Mraz\u00edk,Jes\u00adtli to nebude\u00a0l\u00e1ska<\/p>\n<p><em>LIDOVKY:<\/em><\/p>\n<p><em>VAL\u010c\u00cdK<\/em>-Kde je sl\u00e1dek,Star\u00e1 l\u00edpa,U\u017e troub\u011bj\u00ed,Rybi\u010dka,U\u017e je ve\u010der,Mal\u00fd ho\u0161\u00edk \u010dernovlas\u00fd,Hovoransk\u00fd pot\u016f\u010dek,Suk\u00fdn\u00adka,Strahov\u00e1\u010dek,Na Pakr\u00e1ci,Morava kr\u00e1sn\u00e1 zem,Ji\u017en\u00ed \u010cechy,Chaloupky pod horama,Do les\u00ed\u010dka na \u010dekanou,Pytl\u00e1k,V\u010de\u00adra jsem byl u\u00a0muziky,A\u017e rozkvetou\u00a0l\u00edpy,Tulip\u00e1ny z Amsterdamu,Na kr\u00e1sn\u00e9m modr\u00e9m Dunaji<\/p>\n<p><em>POLKA<\/em>-Nedaleko od Tren\u010d\u00edna,Hosp\u016fdka mal\u00e1,Pivovar\u0161t\u00ed kon\u011b,Myslive\u010dek vy\u0161el z\u00a0lesa,Ty mus\u00ed\u0161 m\u00e1 mil\u00e1,Kdy\u017e jsem \u0161el v\u00a0Praze po Rynku,\u0160es\u00adt\u00fdho \u010dervence(Soko\u00adl\u00edci),\u010cerven\u00e1 r\u016f\u017ei\u010dko,Co jste hasi\u010di,\u0160koda l\u00e1sky,Jetel\u00ed\u010dek u\u00a0vody,Ty fale\u0161n\u00e1 frajerko,Na b\u0159ehu Blanice<\/p>\n<p><em>\u010cARD\u00c1\u0160<\/em>\u00a0\u2013 E\u0161t\u011b si j\u00e1 poh\u00e1r v\u00edna zaplatim,To ta\u00a0helpa<\/p>\n<p><em>SPOLE\u010cENSK\u00c9 TANCE:<\/em><\/p>\n<p><em>TANGO<\/em>\u00a0\u2013 Cik\u00e1nka, B\u00edl\u00e9 konvalinky, My pluly d\u00e1l, Ak\u00e1ty b\u00edl\u00e9,Indi\u00e1nsk\u00e1 p\u00edse\u0148\u00a0l\u00e1sky<\/p>\n<p><em>WALTZ<\/em>\u00a0\u2013 \u010cekej ti\u0161e,P\u00edsni\u010dka \u010desk\u00e1,Last waltz,Santa Lucia,True love,Moon river,Ztr\u00e1c\u00edm svou\u00a0l\u00e1sku,If you don\u00b4t know me by now,Noc je dlouh\u00e1 a zl\u00e1<\/p>\n<p><em>SAMBA<\/em>\u00a0\u2013 Brazil,Amor amor,Quando quando,El\u00a0bimbo<\/p>\n<p><em>CHA-CHA<\/em>\u00a0\u2013 Tea for two,La Paloma,Sway,Tenhle kluk<\/p>\n<p><em>RUMBA<\/em>\u00a0\u2013 Forever and ever, Sladk\u00e9 hlouposti<\/p>\n<p><em>A\u00a0DAL\u0160\u00cd :<\/em><\/p>\n<p>MAZURKA , JIVE , QUICKSTEP , LETKIS ,\u00a0PTA\u010c\u00cd TANEC , KANK\u00c1N ,\u00a0BLUES<\/p>\n<p><em>ORCHESTR\u00c1LKY:<\/em><\/p>\n<p>M\u016fj ot\u010den\u00e1\u0161 , Wonderfull world , Dlouh\u00e1 b\u00edl\u00e1 noc , St\u0159\u00edbrn\u00fd m\u011bs\u00edc<br \/>\nCizinec na pob\u0159e\u017e\u00ed , Yesterday, P\u00edse\u0148 osam\u011bl\u00e9ho pastevce , Blueberry Hill , Kr\u00e1sn\u00e9 je \u017e\u00edt , My way ,Lamb\u00e1da,Only you ,Tenkr\u00e1t na z\u00e1pad\u011b , Guaira Guantanamera ,Down by the riverside<\/p>\n","protected":false},"excerpt":{"rendered":"<p>OLYMPIC \u017delva , Slzy tv\u00fd m\u00e1my , Dej mi v\u00edc sv\u00e9 l\u00e1sky , Osm\u00fd den , Okno m\u00e9 l\u00e1sky , Jasn\u00e1 zpr\u00e1va , Ot\u00e1zky , Snad jsem to zavinil j\u00e1 , Pro\u010d zrovna Ty , Jako za mlada, Jedeme d\u00e1l, N\u011bjak se vytr\u00e1c\u00ed\u0161 m\u00e1 l\u00e1sko , Dynamit H. VONDR\u00c1\u010cKOV\u00c1 Dlouh\u00e1 noc , J\u00e1 p\u016fjdu d\u00e1l &hellip; <\/p>\n<p class=\"link-more\"><a href=\"https:\/\/www.bonasax.cz\/?page_id=18\" class=\"more-link\">Pokra\u010dovat ve \u010dten\u00ed<span class=\"screen-reader-text\"> &#8222;Reperto\u00e1r&#8220;<\/span><\/a><\/p>\n","protected":false},"author":1,"featured_media":0,"parent":0,"menu_order":0,"comment_status":"closed","ping_status":"closed","template":"","meta":{"footnotes":""},"class_list":["post-18","page","type-page","status-publish","hentry"],"_links":{"self":[{"href":"https:\/\/www.bonasax.cz\/index.php?rest_route=\/wp\/v2\/pages\/18","targetHints":{"allow":["GET"]}}],"collection":[{"href":"https:\/\/www.bonasax.cz\/index.php?rest_route=\/wp\/v2\/pages"}],"about":[{"href":"https:\/\/www.bonasax.cz\/index.php?rest_route=\/wp\/v2\/types\/page"}],"author":[{"embeddable":true,"href":"https:\/\/www.bonasax.cz\/index.php?rest_route=\/wp\/v2\/users\/1"}],"replies":[{"embeddable":true,"href":"https:\/\/www.bonasax.cz\/index.php?rest_route=%2Fwp%2Fv2%2Fcomments&post=18"}],"version-history":[{"count":22,"href":"https:\/\/www.bonasax.cz\/index.php?rest_route=\/wp\/v2\/pages\/18\/revisions"}],"predecessor-version":[{"id":650,"href":"https:\/\/www.bonasax.cz\/index.php?rest_route=\/wp\/v2\/pages\/18\/revisions\/650"}],"wp:attachment":[{"href":"https:\/\/www.bonasax.cz\/index.php?rest_route=%2Fwp%2Fv2%2Fmedia&parent=18"}],"curies":[{"name":"wp","href":"https:\/\/api.w.org\/{rel}","templated":true}]}}