{"id":19,"date":"2018-06-16T07:08:03","date_gmt":"2018-06-16T07:08:03","guid":{"rendered":"http:\/\/www.bonasax.cz\/?page_id=19"},"modified":"2018-10-24T19:09:58","modified_gmt":"2018-10-24T19:09:58","slug":"contact","status":"publish","type":"page","link":"https:\/\/www.bonasax.cz\/?page_id=19","title":{"rendered":"Kontakt"},"content":{"rendered":"<p><strong><em>Petra \u0160vingrov\u00e1:<\/em><\/strong> +420&nbsp;602&nbsp;820&nbsp;064<\/p>\n<p><strong><em>Zden\u011bk \u0160vingr:<\/em><\/strong> +420&nbsp;602&nbsp;830&nbsp;239<\/p>\n<p><strong>E-mail:<\/strong> <a href=\"mailto:svingrovapetra@seznam.cz\">svingrovapetra@seznam.cz<\/a><\/p>\n<p><strong>E-mail:<\/strong> <a href=\"mailto:bonasax@volny.cz\">bonasax@volny.cz<\/a><\/p>\n","protected":false},"excerpt":{"rendered":"<p>Petra \u0160vingrov\u00e1: +420&nbsp;602&nbsp;820&nbsp;064 Zden\u011bk \u0160vingr: +420&nbsp;602&nbsp;830&nbsp;239 E-mail: svingrovapetra@seznam.cz E-mail: bonasax@volny.cz<\/p>\n","protected":false},"author":1,"featured_media":0,"parent":0,"menu_order":0,"comment_status":"closed","ping_status":"closed","template":"","meta":{"footnotes":""},"class_list":["post-19","page","type-page","status-publish","hentry"],"_links":{"self":[{"href":"https:\/\/www.bonasax.cz\/index.php?rest_route=\/wp\/v2\/pages\/19","targetHints":{"allow":["GET"]}}],"collection":[{"href":"https:\/\/www.bonasax.cz\/index.php?rest_route=\/wp\/v2\/pages"}],"about":[{"href":"https:\/\/www.bonasax.cz\/index.php?rest_route=\/wp\/v2\/types\/page"}],"author":[{"embeddable":true,"href":"https:\/\/www.bonasax.cz\/index.php?rest_route=\/wp\/v2\/users\/1"}],"replies":[{"embeddable":true,"href":"https:\/\/www.bonasax.cz\/index.php?rest_route=%2Fwp%2Fv2%2Fcomments&post=19"}],"version-history":[{"count":5,"href":"https:\/\/www.bonasax.cz\/index.php?rest_route=\/wp\/v2\/pages\/19\/revisions"}],"predecessor-version":[{"id":474,"href":"https:\/\/www.bonasax.cz\/index.php?rest_route=\/wp\/v2\/pages\/19\/revisions\/474"}],"wp:attachment":[{"href":"https:\/\/www.bonasax.cz\/index.php?rest_route=%2Fwp%2Fv2%2Fmedia&parent=19"}],"curies":[{"name":"wp","href":"https:\/\/api.w.org\/{rel}","templated":true}]}}