{"id":193,"date":"2018-10-12T12:10:04","date_gmt":"2018-10-12T12:10:04","guid":{"rendered":"http:\/\/www.bonasax.cz\/?page_id=193"},"modified":"2024-04-06T08:16:55","modified_gmt":"2024-04-06T08:16:55","slug":"193-2","status":"publish","type":"page","link":"https:\/\/www.bonasax.cz\/?page_id=193","title":{"rendered":"Video"},"content":{"rendered":"\n<figure class=\"wp-block-video\"><video height=\"1080\" style=\"aspect-ratio: 1440 \/ 1080;\" width=\"1440\" controls src=\"http:\/\/www.bonasax.cz\/wp-content\/uploads\/2024\/04\/Ples-Hradni-straze-0324.mp4\"><\/video><figcaption>Ples Hradn\u00ed str\u00e1\u017ee 2024<\/figcaption><\/figure>\n\n\n\n<figure class=\"wp-block-video\"><video height=\"1080\" style=\"aspect-ratio: 1440 \/ 1080;\" width=\"1440\" controls src=\"http:\/\/www.bonasax.cz\/wp-content\/uploads\/2024\/03\/Ples-Chynava-2024.mp4\"><\/video><figcaption>Ples Ch\u00fd\u0148ava 2024<\/figcaption><\/figure>\n\n\n\n<figure class=\"wp-block-video\"><video height=\"1080\" style=\"aspect-ratio: 1920 \/ 1080;\" width=\"1920\" controls src=\"http:\/\/www.bonasax.cz\/wp-content\/uploads\/2023\/03\/ples-Ch\u00fd\u0148ava.mp4\"><\/video><figcaption>Ples Ch\u00fd\u0148ava 2023<\/figcaption><\/figure>\n\n\n\n<figure class=\"wp-block-video\"><video height=\"1080\" style=\"aspect-ratio: 1440 \/ 1080;\" width=\"1440\" controls src=\"http:\/\/www.bonasax.cz\/wp-content\/uploads\/2020\/03\/Ples-Otvovice-2019.mp4\"><\/video><figcaption>Ples Otvovice 2019<\/figcaption><\/figure>\n\n\n\n<figure class=\"wp-block-video\"><video height=\"1080\" style=\"aspect-ratio: 1920 \/ 1080;\" width=\"1920\" controls src=\"http:\/\/www.bonasax.cz\/wp-content\/uploads\/2020\/03\/Ve\u010d\u00edrek-pro-firmu-Mitsubishi-Electric-2019.mp4\"><\/video><figcaption>Ve\u010d\u00edrek pro firmu Mitsubishi Electric 2019<\/figcaption><\/figure>\n\n\n\n<figure class=\"wp-block-video\"><video height=\"1080\" style=\"aspect-ratio: 1920 \/ 1080;\" width=\"1920\" controls src=\"http:\/\/www.bonasax.cz\/wp-content\/uploads\/2020\/03\/Ples-Praha-Kyje-2019.mp4\"><\/video><figcaption>Ples Praha Kyje 2019<\/figcaption><\/figure>\n","protected":false},"excerpt":{"rendered":"","protected":false},"author":1,"featured_media":0,"parent":0,"menu_order":0,"comment_status":"closed","ping_status":"closed","template":"","meta":{"footnotes":""},"class_list":["post-193","page","type-page","status-publish","hentry"],"_links":{"self":[{"href":"https:\/\/www.bonasax.cz\/index.php?rest_route=\/wp\/v2\/pages\/193","targetHints":{"allow":["GET"]}}],"collection":[{"href":"https:\/\/www.bonasax.cz\/index.php?rest_route=\/wp\/v2\/pages"}],"about":[{"href":"https:\/\/www.bonasax.cz\/index.php?rest_route=\/wp\/v2\/types\/page"}],"author":[{"embeddable":true,"href":"https:\/\/www.bonasax.cz\/index.php?rest_route=\/wp\/v2\/users\/1"}],"replies":[{"embeddable":true,"href":"https:\/\/www.bonasax.cz\/index.php?rest_route=%2Fwp%2Fv2%2Fcomments&post=193"}],"version-history":[{"count":16,"href":"https:\/\/www.bonasax.cz\/index.php?rest_route=\/wp\/v2\/pages\/193\/revisions"}],"predecessor-version":[{"id":642,"href":"https:\/\/www.bonasax.cz\/index.php?rest_route=\/wp\/v2\/pages\/193\/revisions\/642"}],"wp:attachment":[{"href":"https:\/\/www.bonasax.cz\/index.php?rest_route=%2Fwp%2Fv2%2Fmedia&parent=193"}],"curies":[{"name":"wp","href":"https:\/\/api.w.org\/{rel}","templated":true}]}}